{"id":281,"date":"2025-08-29T23:45:33","date_gmt":"2025-08-29T23:45:33","guid":{"rendered":"https:\/\/adelys-bijoux.fr\/?page_id=281"},"modified":"2025-09-06T09:27:54","modified_gmt":"2025-09-06T09:27:54","slug":"politique-de-confidentialite-protection-des-donnees-rgpd","status":"publish","type":"page","link":"https:\/\/adelys-bijoux.fr\/index.php\/politique-de-confidentialite-protection-des-donnees-rgpd\/","title":{"rendered":"Politique de Confidentialit\u00e9 &#038; Protection des Donn\u00e9es (RGPD)"},"content":{"rendered":"\t\t<div data-elementor-type=\"wp-page\" data-elementor-id=\"281\" class=\"elementor elementor-281\">\n\t\t\t\t<div class=\"elementor-element elementor-element-7a6fb91 e-flex e-con-boxed e-con e-parent\" data-id=\"7a6fb91\" data-element_type=\"container\">\n\t\t\t\t\t<div class=\"e-con-inner\">\n\t\t\t\t<div class=\"elementor-element elementor-element-36e4df3 elementor-widget elementor-widget-text-editor\" data-id=\"36e4df3\" data-element_type=\"widget\" data-widget_type=\"text-editor.default\">\n\t\t\t\t\t\t\t\t\t<h1 data-start=\"1548\" data-end=\"1613\">Politique de Confidentialit\u00e9 &amp; Protection des Donn\u00e9es (RGPD)<\/h1><h3 data-start=\"1615\" data-end=\"1639\">Collecte des donn\u00e9es<\/h3><p data-start=\"1640\" data-end=\"1903\">Nous collectons des informations lorsque vous passez une commande, vous inscrivez \u00e0 notre newsletter ou utilisez le formulaire de contact.<br data-start=\"1778\" data-end=\"1781\" \/>Les donn\u00e9es collect\u00e9es peuvent inclure : nom, pr\u00e9nom, adresse, email, t\u00e9l\u00e9phone, adresse de livraison et de facturation.<\/p><h3 data-start=\"1905\" data-end=\"1932\">Utilisation des donn\u00e9es<\/h3><p data-start=\"1933\" data-end=\"1992\">Vos donn\u00e9es personnelles sont utilis\u00e9es uniquement pour :<\/p><ul data-start=\"1993\" data-end=\"2161\"><li data-start=\"1993\" data-end=\"2041\"><p data-start=\"1995\" data-end=\"2041\">le traitement et l\u2019exp\u00e9dition des commandes,<\/p><\/li><li data-start=\"2042\" data-end=\"2075\"><p data-start=\"2044\" data-end=\"2075\">la gestion du service client,<\/p><\/li><li data-start=\"2076\" data-end=\"2161\"><p data-start=\"2078\" data-end=\"2161\">l\u2019envoi \u00e9ventuel d\u2019informations commerciales (avec votre consentement explicite).<\/p><\/li><\/ul><h3 data-start=\"2163\" data-end=\"2186\">Partage des donn\u00e9es<\/h3><p data-start=\"2187\" data-end=\"2312\">Les donn\u00e9es ne sont pas c\u00e9d\u00e9es \u00e0 des tiers, sauf pour l\u2019ex\u00e9cution de la commande (transporteurs, prestataires de paiement).<\/p><h3 data-start=\"2314\" data-end=\"2342\">Conservation des donn\u00e9es<\/h3><ul data-start=\"2343\" data-end=\"2496\"><li data-start=\"2343\" data-end=\"2428\"><p data-start=\"2345\" data-end=\"2428\">Donn\u00e9es clients : conserv\u00e9es pendant la dur\u00e9e de la relation commerciale + 3 ans.<\/p><\/li><li data-start=\"2429\" data-end=\"2496\"><p data-start=\"2431\" data-end=\"2496\">Donn\u00e9es de facturation : conserv\u00e9es 10 ans (obligation l\u00e9gale).<\/p><\/li><\/ul><h3 data-start=\"2498\" data-end=\"2510\">S\u00e9curit\u00e9<\/h3><p data-start=\"2511\" data-end=\"2664\">Nous mettons en place toutes les mesures de s\u00e9curit\u00e9 n\u00e9cessaires pour prot\u00e9ger vos donn\u00e9es contre l\u2019acc\u00e8s non autoris\u00e9, l\u2019alt\u00e9ration ou la destruction.<\/p><h3 data-start=\"2666\" data-end=\"2687\">Vos droits (RGPD)<\/h3><p data-start=\"2688\" data-end=\"2784\">Conform\u00e9ment au RGPD et \u00e0 la loi Informatique et Libert\u00e9s, vous disposez des droits suivants :<\/p><ul data-start=\"2785\" data-end=\"2884\"><li data-start=\"2785\" data-end=\"2884\"><p data-start=\"2787\" data-end=\"2884\">droit d\u2019acc\u00e8s, de rectification, d\u2019opposition, de suppression et de portabilit\u00e9 de vos donn\u00e9es.<\/p><\/li><\/ul><p data-start=\"2886\" data-end=\"2962\">Pour exercer vos droits, contactez :<br data-start=\"2922\" data-end=\"2925\" \/>\ud83d\udce7 <strong data-start=\"2928\" data-end=\"2962\">adelysbijoux@gmail.com<\/strong><\/p><h3 data-start=\"2964\" data-end=\"2975\">Cookies<\/h3><p data-start=\"2976\" data-end=\"3192\">Le site utilise des cookies n\u00e9cessaires \u00e0 son bon fonctionnement et, le cas \u00e9ch\u00e9ant, des cookies analytiques (Google Analytics, etc.).<br data-start=\"3110\" data-end=\"3113\" \/>Vous pouvez g\u00e9rer vos pr\u00e9f\u00e9rences via le bandeau cookies pr\u00e9sent sur le site.<\/p>\t\t\t\t\t\t\t\t<\/div>\n\t\t\t\t\t<\/div>\n\t\t\t\t<\/div>\n\t\t\t\t<\/div>\n\t\t","protected":false},"excerpt":{"rendered":"<p>Politique de Confidentialit\u00e9 &amp; Protection des Donn\u00e9es (RGPD) Collecte des donn\u00e9es Nous collectons des informations lorsque vous passez une commande,&hellip;<\/p>\n","protected":false},"author":1,"featured_media":0,"parent":0,"menu_order":0,"comment_status":"closed","ping_status":"closed","template":"","meta":{"footnotes":""},"class_list":["post-281","page","type-page","status-publish","hentry"],"_links":{"self":[{"href":"https:\/\/adelys-bijoux.fr\/index.php\/wp-json\/wp\/v2\/pages\/281","targetHints":{"allow":["GET"]}}],"collection":[{"href":"https:\/\/adelys-bijoux.fr\/index.php\/wp-json\/wp\/v2\/pages"}],"about":[{"href":"https:\/\/adelys-bijoux.fr\/index.php\/wp-json\/wp\/v2\/types\/page"}],"author":[{"embeddable":true,"href":"https:\/\/adelys-bijoux.fr\/index.php\/wp-json\/wp\/v2\/users\/1"}],"replies":[{"embeddable":true,"href":"https:\/\/adelys-bijoux.fr\/index.php\/wp-json\/wp\/v2\/comments?post=281"}],"version-history":[{"count":7,"href":"https:\/\/adelys-bijoux.fr\/index.php\/wp-json\/wp\/v2\/pages\/281\/revisions"}],"predecessor-version":[{"id":324,"href":"https:\/\/adelys-bijoux.fr\/index.php\/wp-json\/wp\/v2\/pages\/281\/revisions\/324"}],"wp:attachment":[{"href":"https:\/\/adelys-bijoux.fr\/index.php\/wp-json\/wp\/v2\/media?parent=281"}],"curies":[{"name":"wp","href":"https:\/\/api.w.org\/{rel}","templated":true}]}}