{"id":183,"date":"2025-08-25T13:30:17","date_gmt":"2025-08-25T13:30:17","guid":{"rendered":"http:\/\/adelys-bijoux.fr\/?post_type=product&#038;p=183"},"modified":"2025-08-25T13:31:55","modified_gmt":"2025-08-25T13:31:55","slug":"parure-papillon-black-and-gold","status":"publish","type":"product","link":"https:\/\/adelys-bijoux.fr\/index.php\/product\/parure-papillon-black-and-gold\/","title":{"rendered":"Parure papillon black and gold"},"content":{"rendered":"<p>La parure et composer d&#8217;un collier et de sa paire de boucle d&#8217;oreille assorti<\/p>\n","protected":false},"excerpt":{"rendered":"<p>Cette parure compl\u00e8tera vos tenu en journ\u00e9e comme en soir\u00e9e avec ses couleur noir et or<\/p>\n<p>&nbsp;<\/p>\n","protected":false},"featured_media":184,"comment_status":"open","ping_status":"closed","template":"","meta":[],"product_brand":[],"product_cat":[26],"product_tag":[],"class_list":{"0":"post-183","1":"product","2":"type-product","3":"status-publish","4":"has-post-thumbnail","6":"product_cat-parures","8":"first","9":"instock","10":"shipping-taxable","11":"purchasable","12":"product-type-simple"},"_links":{"self":[{"href":"https:\/\/adelys-bijoux.fr\/index.php\/wp-json\/wp\/v2\/product\/183","targetHints":{"allow":["GET"]}}],"collection":[{"href":"https:\/\/adelys-bijoux.fr\/index.php\/wp-json\/wp\/v2\/product"}],"about":[{"href":"https:\/\/adelys-bijoux.fr\/index.php\/wp-json\/wp\/v2\/types\/product"}],"replies":[{"embeddable":true,"href":"https:\/\/adelys-bijoux.fr\/index.php\/wp-json\/wp\/v2\/comments?post=183"}],"wp:featuredmedia":[{"embeddable":true,"href":"https:\/\/adelys-bijoux.fr\/index.php\/wp-json\/wp\/v2\/media\/184"}],"wp:attachment":[{"href":"https:\/\/adelys-bijoux.fr\/index.php\/wp-json\/wp\/v2\/media?parent=183"}],"wp:term":[{"taxonomy":"product_brand","embeddable":true,"href":"https:\/\/adelys-bijoux.fr\/index.php\/wp-json\/wp\/v2\/product_brand?post=183"},{"taxonomy":"product_cat","embeddable":true,"href":"https:\/\/adelys-bijoux.fr\/index.php\/wp-json\/wp\/v2\/product_cat?post=183"},{"taxonomy":"product_tag","embeddable":true,"href":"https:\/\/adelys-bijoux.fr\/index.php\/wp-json\/wp\/v2\/product_tag?post=183"}],"curies":[{"name":"wp","href":"https:\/\/api.w.org\/{rel}","templated":true}]}}