{"id":296,"date":"2025-08-31T08:20:55","date_gmt":"2025-08-31T08:20:55","guid":{"rendered":"https:\/\/adelys-bijoux.fr\/?post_type=product&#038;p=296"},"modified":"2025-08-31T08:20:55","modified_gmt":"2025-08-31T08:20:55","slug":"bague-etincelle-doree","status":"publish","type":"product","link":"https:\/\/adelys-bijoux.fr\/index.php\/product\/bague-etincelle-doree\/","title":{"rendered":"Bague \u00e9tincelle dor\u00e9e"},"content":{"rendered":"","protected":false},"excerpt":{"rendered":"<p>Symbole d\u2019\u00e9clat et de passion, cette bague dor\u00e9e illuminera vos mains avec charme et sensualit\u00e9. Un bijou qui fait battre le c\u0153ur.<\/p>\n","protected":false},"featured_media":297,"comment_status":"open","ping_status":"closed","template":"","meta":[],"product_brand":[],"product_cat":[22],"product_tag":[],"class_list":{"0":"post-296","1":"product","2":"type-product","3":"status-publish","4":"has-post-thumbnail","6":"product_cat-bagues","8":"first","9":"instock","10":"shipping-taxable","11":"purchasable","12":"product-type-simple"},"_links":{"self":[{"href":"https:\/\/adelys-bijoux.fr\/index.php\/wp-json\/wp\/v2\/product\/296","targetHints":{"allow":["GET"]}}],"collection":[{"href":"https:\/\/adelys-bijoux.fr\/index.php\/wp-json\/wp\/v2\/product"}],"about":[{"href":"https:\/\/adelys-bijoux.fr\/index.php\/wp-json\/wp\/v2\/types\/product"}],"replies":[{"embeddable":true,"href":"https:\/\/adelys-bijoux.fr\/index.php\/wp-json\/wp\/v2\/comments?post=296"}],"wp:featuredmedia":[{"embeddable":true,"href":"https:\/\/adelys-bijoux.fr\/index.php\/wp-json\/wp\/v2\/media\/297"}],"wp:attachment":[{"href":"https:\/\/adelys-bijoux.fr\/index.php\/wp-json\/wp\/v2\/media?parent=296"}],"wp:term":[{"taxonomy":"product_brand","embeddable":true,"href":"https:\/\/adelys-bijoux.fr\/index.php\/wp-json\/wp\/v2\/product_brand?post=296"},{"taxonomy":"product_cat","embeddable":true,"href":"https:\/\/adelys-bijoux.fr\/index.php\/wp-json\/wp\/v2\/product_cat?post=296"},{"taxonomy":"product_tag","embeddable":true,"href":"https:\/\/adelys-bijoux.fr\/index.php\/wp-json\/wp\/v2\/product_tag?post=296"}],"curies":[{"name":"wp","href":"https:\/\/api.w.org\/{rel}","templated":true}]}}