{"id":307,"date":"2025-08-31T09:06:14","date_gmt":"2025-08-31T09:06:14","guid":{"rendered":"https:\/\/adelys-bijoux.fr\/?post_type=product&#038;p=307"},"modified":"2025-08-31T09:06:14","modified_gmt":"2025-08-31T09:06:14","slug":"parure-prestige-tigre","status":"publish","type":"product","link":"https:\/\/adelys-bijoux.fr\/index.php\/product\/parure-prestige-tigre\/","title":{"rendered":"Parure prestige tigre"},"content":{"rendered":"","protected":false},"excerpt":{"rendered":"<p>Symbole de puissance et de charme, cette parure dor\u00e9e incrust\u00e9e de cristaux capte la lumi\u00e8re avec \u00e9clat. L\u2019accessoire id\u00e9al pour briller lors de vos occasions sp\u00e9ciales.<\/p>\n","protected":false},"featured_media":308,"comment_status":"open","ping_status":"closed","template":"","meta":[],"product_brand":[],"product_cat":[26],"product_tag":[],"class_list":{"0":"post-307","1":"product","2":"type-product","3":"status-publish","4":"has-post-thumbnail","6":"product_cat-parures","8":"first","9":"instock","10":"shipping-taxable","11":"purchasable","12":"product-type-simple"},"_links":{"self":[{"href":"https:\/\/adelys-bijoux.fr\/index.php\/wp-json\/wp\/v2\/product\/307","targetHints":{"allow":["GET"]}}],"collection":[{"href":"https:\/\/adelys-bijoux.fr\/index.php\/wp-json\/wp\/v2\/product"}],"about":[{"href":"https:\/\/adelys-bijoux.fr\/index.php\/wp-json\/wp\/v2\/types\/product"}],"replies":[{"embeddable":true,"href":"https:\/\/adelys-bijoux.fr\/index.php\/wp-json\/wp\/v2\/comments?post=307"}],"wp:featuredmedia":[{"embeddable":true,"href":"https:\/\/adelys-bijoux.fr\/index.php\/wp-json\/wp\/v2\/media\/308"}],"wp:attachment":[{"href":"https:\/\/adelys-bijoux.fr\/index.php\/wp-json\/wp\/v2\/media?parent=307"}],"wp:term":[{"taxonomy":"product_brand","embeddable":true,"href":"https:\/\/adelys-bijoux.fr\/index.php\/wp-json\/wp\/v2\/product_brand?post=307"},{"taxonomy":"product_cat","embeddable":true,"href":"https:\/\/adelys-bijoux.fr\/index.php\/wp-json\/wp\/v2\/product_cat?post=307"},{"taxonomy":"product_tag","embeddable":true,"href":"https:\/\/adelys-bijoux.fr\/index.php\/wp-json\/wp\/v2\/product_tag?post=307"}],"curies":[{"name":"wp","href":"https:\/\/api.w.org\/{rel}","templated":true}]}}