{"id":346,"date":"2025-09-21T09:24:24","date_gmt":"2025-09-21T09:24:24","guid":{"rendered":"https:\/\/adelys-bijoux.fr\/?post_type=product&#038;p=346"},"modified":"2025-09-21T09:24:33","modified_gmt":"2025-09-21T09:24:33","slug":"bague-duo-detoiles","status":"publish","type":"product","link":"https:\/\/adelys-bijoux.fr\/index.php\/product\/bague-duo-detoiles\/","title":{"rendered":"Bague Duo d\u2019\u00c9toiles"},"content":{"rendered":"","protected":false},"excerpt":{"rendered":"<p>\u00c9l\u00e9gante et a\u00e9rienne, la bague Duo d\u2019\u00c9toiles en argent 925 illumine la main de son design ouvert et raffin\u00e9. \u00c0 chaque extr\u00e9mit\u00e9, deux pierres \u00e9tincelantes<\/p>\n","protected":false},"featured_media":351,"comment_status":"open","ping_status":"closed","template":"","meta":[],"product_brand":[],"product_cat":[22],"product_tag":[],"class_list":{"0":"post-346","1":"product","2":"type-product","3":"status-publish","4":"has-post-thumbnail","6":"product_cat-bagues","8":"first","9":"instock","10":"shipping-taxable","11":"purchasable","12":"product-type-variable"},"_links":{"self":[{"href":"https:\/\/adelys-bijoux.fr\/index.php\/wp-json\/wp\/v2\/product\/346","targetHints":{"allow":["GET"]}}],"collection":[{"href":"https:\/\/adelys-bijoux.fr\/index.php\/wp-json\/wp\/v2\/product"}],"about":[{"href":"https:\/\/adelys-bijoux.fr\/index.php\/wp-json\/wp\/v2\/types\/product"}],"replies":[{"embeddable":true,"href":"https:\/\/adelys-bijoux.fr\/index.php\/wp-json\/wp\/v2\/comments?post=346"}],"wp:featuredmedia":[{"embeddable":true,"href":"https:\/\/adelys-bijoux.fr\/index.php\/wp-json\/wp\/v2\/media\/351"}],"wp:attachment":[{"href":"https:\/\/adelys-bijoux.fr\/index.php\/wp-json\/wp\/v2\/media?parent=346"}],"wp:term":[{"taxonomy":"product_brand","embeddable":true,"href":"https:\/\/adelys-bijoux.fr\/index.php\/wp-json\/wp\/v2\/product_brand?post=346"},{"taxonomy":"product_cat","embeddable":true,"href":"https:\/\/adelys-bijoux.fr\/index.php\/wp-json\/wp\/v2\/product_cat?post=346"},{"taxonomy":"product_tag","embeddable":true,"href":"https:\/\/adelys-bijoux.fr\/index.php\/wp-json\/wp\/v2\/product_tag?post=346"}],"curies":[{"name":"wp","href":"https:\/\/api.w.org\/{rel}","templated":true}]}}