{"id":363,"date":"2025-09-21T11:47:03","date_gmt":"2025-09-21T11:47:03","guid":{"rendered":"https:\/\/adelys-bijoux.fr\/?post_type=product&#038;p=363"},"modified":"2025-09-21T11:47:47","modified_gmt":"2025-09-21T11:47:47","slug":"bague-feuille-cristalline","status":"publish","type":"product","link":"https:\/\/adelys-bijoux.fr\/index.php\/product\/bague-feuille-cristalline\/","title":{"rendered":"Bague Feuille Cristalline"},"content":{"rendered":"","protected":false},"excerpt":{"rendered":"<p>Symbole de d\u00e9licatesse et d\u2019\u00e9l\u00e9gance naturelle, cette bague\u00a0capture la beaut\u00e9 intemporelle de la nature. Son design raffin\u00e9 \u00e9voque une branche d\u00e9licate orn\u00e9e de feuilles scintillantes, sublim\u00e9es par de fines pierres lumineuses qui rappellent l\u2019\u00e9clat pur de la ros\u00e9e au matin.<\/p>\n","protected":false},"featured_media":364,"comment_status":"open","ping_status":"closed","template":"","meta":[],"product_brand":[],"product_cat":[22],"product_tag":[],"class_list":{"0":"post-363","1":"product","2":"type-product","3":"status-publish","4":"has-post-thumbnail","6":"product_cat-bagues","8":"first","9":"instock","10":"shipping-taxable","11":"purchasable","12":"product-type-variable"},"_links":{"self":[{"href":"https:\/\/adelys-bijoux.fr\/index.php\/wp-json\/wp\/v2\/product\/363","targetHints":{"allow":["GET"]}}],"collection":[{"href":"https:\/\/adelys-bijoux.fr\/index.php\/wp-json\/wp\/v2\/product"}],"about":[{"href":"https:\/\/adelys-bijoux.fr\/index.php\/wp-json\/wp\/v2\/types\/product"}],"replies":[{"embeddable":true,"href":"https:\/\/adelys-bijoux.fr\/index.php\/wp-json\/wp\/v2\/comments?post=363"}],"wp:featuredmedia":[{"embeddable":true,"href":"https:\/\/adelys-bijoux.fr\/index.php\/wp-json\/wp\/v2\/media\/364"}],"wp:attachment":[{"href":"https:\/\/adelys-bijoux.fr\/index.php\/wp-json\/wp\/v2\/media?parent=363"}],"wp:term":[{"taxonomy":"product_brand","embeddable":true,"href":"https:\/\/adelys-bijoux.fr\/index.php\/wp-json\/wp\/v2\/product_brand?post=363"},{"taxonomy":"product_cat","embeddable":true,"href":"https:\/\/adelys-bijoux.fr\/index.php\/wp-json\/wp\/v2\/product_cat?post=363"},{"taxonomy":"product_tag","embeddable":true,"href":"https:\/\/adelys-bijoux.fr\/index.php\/wp-json\/wp\/v2\/product_tag?post=363"}],"curies":[{"name":"wp","href":"https:\/\/api.w.org\/{rel}","templated":true}]}}