{"id":370,"date":"2025-09-21T11:57:54","date_gmt":"2025-09-21T11:57:54","guid":{"rendered":"https:\/\/adelys-bijoux.fr\/?post_type=product&#038;p=370"},"modified":"2025-09-21T12:22:22","modified_gmt":"2025-09-21T12:22:22","slug":"collier-coeur-de-rubis","status":"publish","type":"product","link":"https:\/\/adelys-bijoux.fr\/index.php\/product\/collier-coeur-de-rubis\/","title":{"rendered":"Collier C\u0153ur de Rubis"},"content":{"rendered":"","protected":false},"excerpt":{"rendered":"<p data-start=\"81\" data-end=\"486\">\u00c9l\u00e9gant et raffin\u00e9, le collier <em data-start=\"146\" data-end=\"161\">C\u0153ur de Rubis<\/em> c\u00e9l\u00e8bre l\u2019amour dans toute son intensit\u00e9. Sertie en son centre, une\u00a0 pierre couleur rouge rubis en forme de c\u0153ur rayonne d\u2019un \u00e9clat passionn\u00e9, symbole de d\u00e9sir et de tendresse \u00e9ternelle. La monture en argent, d\u00e9licate et intemporelle, met en valeur la profondeur de la pierre tout en apportant une touche de puret\u00e9 et de modernit\u00e9.<\/p>\n<p data-start=\"488\" data-end=\"669\">Id\u00e9al pour offrir \u00e0 une personne ch\u00e8re ou pour exprimer vos propres \u00e9motions, <em data-start=\"566\" data-end=\"581\">C\u0153ur de Rubis<\/em> est plus qu\u2019un bijou : c\u2019est une promesse d\u2019amour \u00e9ternel, \u00e0 porter pr\u00e8s du c\u0153ur.<\/p>\n<p data-start=\"488\" data-end=\"669\">Pour un ensemble encore plus raffin\u00e9, associez-les au <a href=\"https:\/\/adelys-bijoux.fr\/index.php\/product\/boucles-doreilles-coeur-de-rubis\"><em>boucles d&#8217;oreilles<\/em> <em data-start=\"741\" data-end=\"756\">C\u0153ur de Rubis<\/em><\/a>\u00a0et laissez-vous s\u00e9duire par l\u2019harmonie parfaite de ce duo intemporel.<\/p>\n","protected":false},"featured_media":371,"comment_status":"open","ping_status":"closed","template":"","meta":[],"product_brand":[],"product_cat":[23],"product_tag":[],"class_list":{"0":"post-370","1":"product","2":"type-product","3":"status-publish","4":"has-post-thumbnail","6":"product_cat-colliers","8":"first","9":"instock","10":"shipping-taxable","11":"purchasable","12":"product-type-simple"},"_links":{"self":[{"href":"https:\/\/adelys-bijoux.fr\/index.php\/wp-json\/wp\/v2\/product\/370","targetHints":{"allow":["GET"]}}],"collection":[{"href":"https:\/\/adelys-bijoux.fr\/index.php\/wp-json\/wp\/v2\/product"}],"about":[{"href":"https:\/\/adelys-bijoux.fr\/index.php\/wp-json\/wp\/v2\/types\/product"}],"replies":[{"embeddable":true,"href":"https:\/\/adelys-bijoux.fr\/index.php\/wp-json\/wp\/v2\/comments?post=370"}],"wp:featuredmedia":[{"embeddable":true,"href":"https:\/\/adelys-bijoux.fr\/index.php\/wp-json\/wp\/v2\/media\/371"}],"wp:attachment":[{"href":"https:\/\/adelys-bijoux.fr\/index.php\/wp-json\/wp\/v2\/media?parent=370"}],"wp:term":[{"taxonomy":"product_brand","embeddable":true,"href":"https:\/\/adelys-bijoux.fr\/index.php\/wp-json\/wp\/v2\/product_brand?post=370"},{"taxonomy":"product_cat","embeddable":true,"href":"https:\/\/adelys-bijoux.fr\/index.php\/wp-json\/wp\/v2\/product_cat?post=370"},{"taxonomy":"product_tag","embeddable":true,"href":"https:\/\/adelys-bijoux.fr\/index.php\/wp-json\/wp\/v2\/product_tag?post=370"}],"curies":[{"name":"wp","href":"https:\/\/api.w.org\/{rel}","templated":true}]}}