{"id":372,"date":"2025-09-21T12:12:12","date_gmt":"2025-09-21T12:12:12","guid":{"rendered":"https:\/\/adelys-bijoux.fr\/?post_type=product&#038;p=372"},"modified":"2025-09-21T12:15:14","modified_gmt":"2025-09-21T12:15:14","slug":"boucles-doreilles-coeur-de-rubis","status":"publish","type":"product","link":"https:\/\/adelys-bijoux.fr\/index.php\/product\/boucles-doreilles-coeur-de-rubis\/","title":{"rendered":"Boucles d\u2019Oreilles C\u0153ur de Rubis"},"content":{"rendered":"","protected":false},"excerpt":{"rendered":"<p data-start=\"136\" data-end=\"464\">F\u00e9minines et intemporelles, les boucles d\u2019oreilles <em data-start=\"232\" data-end=\"247\">C\u0153ur de Rubis<\/em> r\u00e9v\u00e8lent toute l\u2019\u00e9l\u00e9gance d\u2019un design raffin\u00e9. Chaque boucle est orn\u00e9e d\u2019une pierre couleur rouge rubis en forme de c\u0153ur, \u00e9clatante et passionn\u00e9e, mont\u00e9e sur un d\u00e9licat support en argent qui sublime sa brillance naturelle.<\/p>\n<p data-start=\"466\" data-end=\"675\">Symbole d\u2019amour et de tendresse, ces boucles apportent une touche romantique et lumineuse \u00e0 chaque mouvement. L\u00e9g\u00e8res et confortables, elles se portent aussi bien au quotidien que lors des grandes occasions.<\/p>\n<p data-start=\"466\" data-end=\"675\">Pour un ensemble encore plus raffin\u00e9, associez-les au <a href=\"https:\/\/adelys-bijoux.fr\/index.php\/product\/collier-coeur-de-rubis\">collier <em data-start=\"741\" data-end=\"756\">C\u0153ur de Rubis<\/em><\/a> et laissez-vous s\u00e9duire par l\u2019harmonie parfaite de ce duo intemporel.<\/p>\n","protected":false},"featured_media":373,"comment_status":"open","ping_status":"closed","template":"","meta":[],"product_brand":[],"product_cat":[25],"product_tag":[],"class_list":{"0":"post-372","1":"product","2":"type-product","3":"status-publish","4":"has-post-thumbnail","6":"product_cat-boucles-doreilles","8":"first","9":"instock","10":"shipping-taxable","11":"purchasable","12":"product-type-simple"},"_links":{"self":[{"href":"https:\/\/adelys-bijoux.fr\/index.php\/wp-json\/wp\/v2\/product\/372","targetHints":{"allow":["GET"]}}],"collection":[{"href":"https:\/\/adelys-bijoux.fr\/index.php\/wp-json\/wp\/v2\/product"}],"about":[{"href":"https:\/\/adelys-bijoux.fr\/index.php\/wp-json\/wp\/v2\/types\/product"}],"replies":[{"embeddable":true,"href":"https:\/\/adelys-bijoux.fr\/index.php\/wp-json\/wp\/v2\/comments?post=372"}],"wp:featuredmedia":[{"embeddable":true,"href":"https:\/\/adelys-bijoux.fr\/index.php\/wp-json\/wp\/v2\/media\/373"}],"wp:attachment":[{"href":"https:\/\/adelys-bijoux.fr\/index.php\/wp-json\/wp\/v2\/media?parent=372"}],"wp:term":[{"taxonomy":"product_brand","embeddable":true,"href":"https:\/\/adelys-bijoux.fr\/index.php\/wp-json\/wp\/v2\/product_brand?post=372"},{"taxonomy":"product_cat","embeddable":true,"href":"https:\/\/adelys-bijoux.fr\/index.php\/wp-json\/wp\/v2\/product_cat?post=372"},{"taxonomy":"product_tag","embeddable":true,"href":"https:\/\/adelys-bijoux.fr\/index.php\/wp-json\/wp\/v2\/product_tag?post=372"}],"curies":[{"name":"wp","href":"https:\/\/api.w.org\/{rel}","templated":true}]}}